{"id":376,"date":"2015-07-29T13:44:44","date_gmt":"2015-07-29T13:44:44","guid":{"rendered":"https:\/\/sichu-blockart-minimal-portfolio.sites.qsandbox.com\/?page_id=4"},"modified":"2025-06-22T17:37:33","modified_gmt":"2025-06-22T15:37:33","slug":"home","status":"publish","type":"page","link":"https:\/\/acheahmatmoustapha.com\/","title":{"rendered":"Accueil"},"content":{"rendered":"\n<div class=\"blockart-section blockart-section-a6646ff7\"><div class=\"blockart-container\"><div class=\"blockart-section-inner\">\n<div class=\"blockart-column blockart-column-07dd77b9\"><div class=\"blockart-column-inner\">\n<h1 class=\"blockart-heading blockart-heading-90a5f4ef\">Ach\u00e9 Ahmat Moustapha<\/h1>\n\n\n\n<p class=\"blockart-paragraph blockart-paragraph-ef68a1dd\"><strong>La sociologie &amp; l&rsquo;artivisme au service des femmes et des jeunes.<\/strong><\/p>\n<\/div><\/div>\n\n\n\n<div class=\"blockart-column blockart-column-15bebf77\"><div class=\"blockart-column-inner\">\n<p class=\"blockart-paragraph blockart-paragraph-6ac99c33\">Les jeunes et les femmes au c\u0153ur de son engagement pour la justice sociale et la promotion culturelle depuis 2009.<\/p>\n\n\n\n<div class=\"blockart-section blockart-section-d2fb8f68\"><div class=\"blockart-container\"><div class=\"blockart-section-inner\">\n<div class=\"blockart-column blockart-column-9297b24d\"><div class=\"blockart-column-inner\">\n<figure class=\"blockart-image blockart-image-a237f178\"><a href=\"#\"><img loading=\"lazy\" decoding=\"async\" class=\"wp-image-38 hover-effect-static filter-none mask mask-none\" src=\"https:\/\/zakrademos.com\/minimal-portfolio-02\/wp-content\/uploads\/sites\/107\/2021\/12\/facebook-icons.png\" alt=\"\" height=\"42\" width=\"42\"\/><\/a><\/figure>\n<\/div><\/div>\n\n\n\n<div class=\"blockart-column blockart-column-09a63a7d\"><div class=\"blockart-column-inner\">\n<figure class=\"blockart-image blockart-image-4cd028c7\"><a href=\"#\"><img loading=\"lazy\" decoding=\"async\" class=\"wp-image-59 hover-effect-static filter-none mask mask-none\" src=\"https:\/\/zakrademos.com\/minimal-portfolio-02\/wp-content\/uploads\/sites\/107\/2021\/12\/twitter-icon.png\" alt=\"\" height=\"42\" width=\"42\"\/><\/a><\/figure>\n<\/div><\/div>\n\n\n\n<div class=\"blockart-column blockart-column-4809b13b\"><div class=\"blockart-column-inner\">\n<figure class=\"blockart-image blockart-image-670facd5\"><a href=\"#\"><img loading=\"lazy\" decoding=\"async\" class=\"wp-image-57 hover-effect-static filter-none mask mask-none\" src=\"https:\/\/zakrademos.com\/minimal-portfolio-02\/wp-content\/uploads\/sites\/107\/2021\/12\/instagram-icon.png\" alt=\"\" height=\"42\" width=\"42\"\/><\/a><\/figure>\n<\/div><\/div>\n\n\n\n<div class=\"blockart-column blockart-column-ecaa8a65\"><div class=\"blockart-column-inner\">\n<figure class=\"blockart-image blockart-image-a4951bd5\"><a href=\"#\"><img loading=\"lazy\" decoding=\"async\" class=\"wp-image-58 hover-effect-static filter-none mask mask-none\" src=\"https:\/\/zakrademos.com\/minimal-portfolio-02\/wp-content\/uploads\/sites\/107\/2021\/12\/linkedin-icon.png\" alt=\"\" height=\"42\" width=\"42\"\/><\/a><\/figure>\n<\/div><\/div>\n<\/div><\/div><\/div>\n<\/div><\/div>\n\n\n\n<div class=\"blockart-column blockart-column-619e52c8\"><div class=\"blockart-column-inner\">\n<figure class=\"blockart-image blockart-image-a4af9980\"><img loading=\"lazy\" decoding=\"async\" width=\"1194\" height=\"1920\" class=\"wp-image-389 hover-effect-static filter-none mask mask-none\" src=\"http:\/\/fmgeqta.cluster100.hosting.ovh.net\/wp-content\/uploads\/2025\/05\/ache_web1.png\" alt=\"\" srcset=\"https:\/\/acheahmatmoustapha.com\/wp-content\/uploads\/2025\/05\/ache_web1.png 1194w, https:\/\/acheahmatmoustapha.com\/wp-content\/uploads\/2025\/05\/ache_web1-187x300.png 187w, https:\/\/acheahmatmoustapha.com\/wp-content\/uploads\/2025\/05\/ache_web1-637x1024.png 637w, https:\/\/acheahmatmoustapha.com\/wp-content\/uploads\/2025\/05\/ache_web1-768x1235.png 768w, https:\/\/acheahmatmoustapha.com\/wp-content\/uploads\/2025\/05\/ache_web1-955x1536.png 955w\" sizes=\"auto, (max-width: 1194px) 100vw, 1194px\" \/><\/figure>\n<\/div><\/div>\n<\/div><\/div><\/div>\n\n\n\n<div class=\"blockart-section blockart-section-5b6e95f5\"><div class=\"blockart-container\"><div class=\"blockart-section-inner\">\n<div class=\"blockart-column blockart-column-8b5c506b\"><div class=\"blockart-column-inner\">\n<h2 class=\"blockart-heading blockart-heading-111986d5\">A propos de moi<\/h2>\n\n\n\n<div class=\"blockart-section blockart-section-b8d9d8a6\"><div class=\"blockart-container\"><div class=\"blockart-section-inner\">\n<div class=\"blockart-column blockart-column-15ed99e6\"><div class=\"blockart-column-inner\">\n<p class=\"blockart-paragraph blockart-paragraph-09a07bf9\">Ach\u00e9 Ahmat Moustapha est une sociologue en communication, r\u00e9alisatrice, auteure et artiste franco-tchadienne engag\u00e9e pour les droits humains, notamment ceux des femmes et des jeunes. N\u00e9e au Tchad et form\u00e9e en Alg\u00e9rie, elle valorise son identit\u00e9 culturelle kanembou sous le pseudonyme \u00ab\u00a0Kanembou Nasara\u00a0\u00bb. Son parcours l\u2019a men\u00e9e de l\u2019ONRTV \u00e0 l\u2019UNICEF\/Tchad, en passant par la mod\u00e9ration d\u2019\u00e9v\u00e9nements nationaux et internationaux. Elle a r\u00e9alis\u00e9 le documentaire <strong>\u00ab #Harc\u00e8lement 2.0 \u00bb<\/strong>, publi\u00e9 le roman <strong>\u00ab Kalam Sutra \u00bb<\/strong> et co\u00e9crit <strong>\u00ab Portraits de femmes tchadiennes \u00bb<\/strong>, toujours dans une logique de sensibilisation et d\u2019\u00e9mancipation. Elle est \u00e9galement fondatrice du <strong>FETCOUM<\/strong>, membre du <strong>Conseil Pr\u00e9sidentiel pour l\u2019Afrique<\/strong> (2019-2021) et jur\u00e9e du <strong>Prix Unesco-Sharjah pour la culture arabe<\/strong> (2021).<\/p>\n<\/div><\/div>\n\n\n\n<div class=\"blockart-column blockart-column-e49efcde\"><div class=\"blockart-column-inner\">\n<div class=\"blockart-section blockart-section-09bd7699\"><div class=\"blockart-container\"><div class=\"blockart-section-inner\">\n<div class=\"blockart-column blockart-column-c2947a7d\"><div class=\"blockart-column-inner\">\n<h2 class=\"blockart-heading blockart-heading-4b9f8f02\">+17<\/h2>\n\n\n\n<p class=\"blockart-paragraph blockart-paragraph-871df9ba\">ans d&rsquo;exp\u00e9rience<\/p>\n<\/div><\/div>\n\n\n\n<div class=\"blockart-column blockart-column-84851093\"><div class=\"blockart-column-inner\">\n<h2 class=\"blockart-heading blockart-heading-d9b565e1\">+30<\/h2>\n\n\n\n<p class=\"blockart-paragraph blockart-paragraph-67ddb2e4\">Clients satisfaits<\/p>\n<\/div><\/div>\n<\/div><\/div><\/div>\n\n\n\n<div class=\"blockart-section blockart-section-d14473f8\"><div class=\"blockart-container\"><div class=\"blockart-section-inner\">\n<div class=\"blockart-column blockart-column-d30a23a6\"><div class=\"blockart-column-inner\">\n<h2 class=\"blockart-heading blockart-heading-5f60f9a5\">+10<\/h2>\n\n\n\n<p class=\"blockart-paragraph blockart-paragraph-26f0f780\">projets r\u00e9alis\u00e9s<\/p>\n<\/div><\/div>\n\n\n\n<div class=\"blockart-column blockart-column-1d39d745\"><div class=\"blockart-column-inner\">\n<h2 class=\"blockart-heading blockart-heading-a0d9b0d1\">+30<\/h2>\n\n\n\n<p class=\"blockart-paragraph blockart-paragraph-4d57fed8\">festivals<\/p>\n<\/div><\/div>\n<\/div><\/div><\/div>\n<\/div><\/div>\n<\/div><\/div><\/div>\n<\/div><\/div>\n<\/div><\/div><\/div>\n\n\n\n<div class=\"blockart-section blockart-section-c0a1e035\"><div class=\"blockart-container-fluid\"><div class=\"blockart-section-inner\">\n<div class=\"blockart-column blockart-column-5145617c\"><div class=\"blockart-column-inner\">\n<h2 class=\"blockart-heading blockart-heading-0c586847\">Mes r\u00e9alisations<\/h2>\n\n\n\n<div class=\"blockart-section blockart-section-6e1298f6\"><div class=\"blockart-container\"><div class=\"blockart-section-inner\">\n<div class=\"blockart-column blockart-column-c7e71d89\"><div class=\"blockart-column-inner\">\n<h3 class=\"blockart-heading blockart-heading-a29d44f4\"><a href=\"https:\/\/acheahmatmoustapha.com\/index.php\/2025\/06\/22\/litterature\/\">Litt\u00e9rature<\/a><\/h3>\n\n\n\n<figure class=\"blockart-image blockart-image-2759661e\"><img loading=\"lazy\" decoding=\"async\" class=\"wp-image-401 hover-effect-static filter-none mask mask-none\" src=\"http:\/\/fmgeqta.cluster100.hosting.ovh.net\/wp-content\/uploads\/2025\/05\/Kalam_Sutra-COV-5-qvjshblyfcosgiv9p0vn4kdmcdrdbplfgt9i73xc12.jpg\" alt=\"\" height=\"503\" width=\"330\" srcset=\"https:\/\/acheahmatmoustapha.com\/wp-content\/uploads\/2025\/05\/Kalam_Sutra-COV-5-qvjshblyfcosgiv9p0vn4kdmcdrdbplfgt9i73xc12.jpg 330w, https:\/\/acheahmatmoustapha.com\/wp-content\/uploads\/2025\/05\/Kalam_Sutra-COV-5-qvjshblyfcosgiv9p0vn4kdmcdrdbplfgt9i73xc12-197x300.jpg 197w\" sizes=\"auto, (max-width: 330px) 100vw, 330px\" \/><\/figure>\n\n\n\n<p class=\"blockart-paragraph blockart-paragraph-543bf743\"><a href=\"https:\/\/acheahmatmoustapha.com\/index.php\/2025\/06\/22\/litterature\/\">Mes livres<\/a><\/p>\n<\/div><\/div>\n\n\n\n<div class=\"blockart-column blockart-column-7f5be450\"><div class=\"blockart-column-inner\">\n<h3 class=\"blockart-heading blockart-heading-a9386a79\"><a href=\"https:\/\/acheahmatmoustapha.com\/index.php\/2025\/06\/22\/cinema\/\">Cin\u00e9ma<\/a><\/h3>\n\n\n\n<figure class=\"blockart-image blockart-image-b2c9ded0\"><img loading=\"lazy\" decoding=\"async\" width=\"1200\" height=\"1714\" class=\"wp-image-402 hover-effect-static filter-none mask mask-none\" src=\"http:\/\/fmgeqta.cluster100.hosting.ovh.net\/wp-content\/uploads\/2025\/05\/Affiche-Harcelement2.0.png\" alt=\"\" srcset=\"https:\/\/acheahmatmoustapha.com\/wp-content\/uploads\/2025\/05\/Affiche-Harcelement2.0.png 1200w, https:\/\/acheahmatmoustapha.com\/wp-content\/uploads\/2025\/05\/Affiche-Harcelement2.0-210x300.png 210w, https:\/\/acheahmatmoustapha.com\/wp-content\/uploads\/2025\/05\/Affiche-Harcelement2.0-717x1024.png 717w, https:\/\/acheahmatmoustapha.com\/wp-content\/uploads\/2025\/05\/Affiche-Harcelement2.0-768x1097.png 768w, https:\/\/acheahmatmoustapha.com\/wp-content\/uploads\/2025\/05\/Affiche-Harcelement2.0-1075x1536.png 1075w\" sizes=\"auto, (max-width: 1200px) 100vw, 1200px\" \/><\/figure>\n\n\n\n<p class=\"blockart-paragraph blockart-paragraph-c6a8ed97\"><a href=\"https:\/\/acheahmatmoustapha.com\/index.php\/2025\/06\/22\/cinema\/\">Mes films<\/a><\/p>\n<\/div><\/div>\n\n\n\n<div class=\"blockart-column blockart-column-d4393849\"><div class=\"blockart-column-inner\">\n<h3 class=\"blockart-heading blockart-heading-bc22617d\"><a href=\"https:\/\/acheahmatmoustapha.com\/index.php\/2025\/06\/22\/peinture\/\">Peinture<\/a><\/h3>\n\n\n\n<figure class=\"blockart-image blockart-image-5a6dfc07\"><img loading=\"lazy\" decoding=\"async\" class=\"wp-image-413 hover-effect-static filter-none mask mask-none\" src=\"http:\/\/acheahmatmoustapha.com\/wp-content\/uploads\/2025\/06\/kanuri-1.png\" alt=\"\" height=\"1714\" width=\"1200\" srcset=\"https:\/\/acheahmatmoustapha.com\/wp-content\/uploads\/2025\/06\/kanuri-1.png 1200w, https:\/\/acheahmatmoustapha.com\/wp-content\/uploads\/2025\/06\/kanuri-1-210x300.png 210w, https:\/\/acheahmatmoustapha.com\/wp-content\/uploads\/2025\/06\/kanuri-1-717x1024.png 717w, https:\/\/acheahmatmoustapha.com\/wp-content\/uploads\/2025\/06\/kanuri-1-768x1097.png 768w, https:\/\/acheahmatmoustapha.com\/wp-content\/uploads\/2025\/06\/kanuri-1-1075x1536.png 1075w\" sizes=\"auto, (max-width: 1200px) 100vw, 1200px\" \/><\/figure>\n\n\n\n<p class=\"blockart-paragraph blockart-paragraph-c4932878\"><a href=\"https:\/\/acheahmatmoustapha.com\/index.php\/2025\/06\/22\/peinture\/\">Mes tableaux<\/a><\/p>\n<\/div><\/div>\n<\/div><\/div><\/div>\n\n\n\n<div class=\"blockart-section blockart-section-326b2722\"><div class=\"blockart-container\"><div class=\"blockart-section-inner\">\n<div class=\"blockart-column blockart-column-988e1ca2\"><div class=\"blockart-column-inner\">\n<h3 class=\"blockart-heading blockart-heading-2c3cee07\"><a href=\"https:\/\/acheahmatmoustapha.com\/index.php\/2025\/06\/22\/medias\/\">M\u00e9dias<\/a><\/h3>\n\n\n\n<figure class=\"blockart-image blockart-image-8f383cc3\"><img loading=\"lazy\" decoding=\"async\" width=\"1536\" height=\"2048\" class=\"wp-image-419 hover-effect-static filter-none mask mask-none\" src=\"https:\/\/acheahmatmoustapha.com\/wp-content\/uploads\/2025\/06\/ache_media.jpeg\" alt=\"\" srcset=\"https:\/\/acheahmatmoustapha.com\/wp-content\/uploads\/2025\/06\/ache_media.jpeg 1536w, https:\/\/acheahmatmoustapha.com\/wp-content\/uploads\/2025\/06\/ache_media-225x300.jpeg 225w, https:\/\/acheahmatmoustapha.com\/wp-content\/uploads\/2025\/06\/ache_media-768x1024.jpeg 768w, https:\/\/acheahmatmoustapha.com\/wp-content\/uploads\/2025\/06\/ache_media-1152x1536.jpeg 1152w\" sizes=\"auto, (max-width: 1536px) 100vw, 1536px\" \/><\/figure>\n\n\n\n<p class=\"blockart-paragraph blockart-paragraph-9ee7a5e1\"><a href=\"https:\/\/acheahmatmoustapha.com\/index.php\/2025\/06\/22\/medias\/\">Ach\u00e9 dans les m\u00e9dias<\/a><\/p>\n<\/div><\/div>\n\n\n\n<div class=\"blockart-column blockart-column-d49c483b\"><div class=\"blockart-column-inner\">\n<h3 class=\"blockart-heading blockart-heading-c07f5430\"><a href=\"https:\/\/acheahmatmoustapha.com\/index.php\/2025\/06\/22\/evenements\/\">\u00c9v\u00e9nements<\/a><\/h3>\n\n\n\n<figure class=\"blockart-image blockart-image-5082f787\"><img loading=\"lazy\" decoding=\"async\" width=\"1287\" height=\"911\" class=\"wp-image-405 hover-effect-static filter-none mask mask-none\" src=\"http:\/\/fmgeqta.cluster100.hosting.ovh.net\/wp-content\/uploads\/2025\/05\/Save-the-date.jpg\" alt=\"\" srcset=\"https:\/\/acheahmatmoustapha.com\/wp-content\/uploads\/2025\/05\/Save-the-date.jpg 1287w, https:\/\/acheahmatmoustapha.com\/wp-content\/uploads\/2025\/05\/Save-the-date-300x212.jpg 300w, https:\/\/acheahmatmoustapha.com\/wp-content\/uploads\/2025\/05\/Save-the-date-1024x725.jpg 1024w, https:\/\/acheahmatmoustapha.com\/wp-content\/uploads\/2025\/05\/Save-the-date-768x544.jpg 768w\" sizes=\"auto, (max-width: 1287px) 100vw, 1287px\" \/><\/figure>\n\n\n\n<p class=\"blockart-paragraph blockart-paragraph-56bb3ca1\"><a href=\"https:\/\/acheahmatmoustapha.com\/index.php\/2025\/06\/22\/evenements\/\">Save the date<\/a><\/p>\n<\/div><\/div>\n\n\n\n<div class=\"blockart-column blockart-column-e98737de\"><div class=\"blockart-column-inner\">\n<h3 class=\"blockart-heading blockart-heading-63a8218e\">Mes nouveaut\u00e9s<\/h3>\n\n\n\n<figure class=\"blockart-image blockart-image-e30f9fba\"><img loading=\"lazy\" decoding=\"async\" width=\"1170\" height=\"1536\" class=\"wp-image-420 hover-effect-static filter-none mask mask-none\" src=\"https:\/\/acheahmatmoustapha.com\/wp-content\/uploads\/2025\/06\/ache_cinema.jpeg\" alt=\"\" srcset=\"https:\/\/acheahmatmoustapha.com\/wp-content\/uploads\/2025\/06\/ache_cinema.jpeg 1170w, https:\/\/acheahmatmoustapha.com\/wp-content\/uploads\/2025\/06\/ache_cinema-229x300.jpeg 229w, https:\/\/acheahmatmoustapha.com\/wp-content\/uploads\/2025\/06\/ache_cinema-780x1024.jpeg 780w, https:\/\/acheahmatmoustapha.com\/wp-content\/uploads\/2025\/06\/ache_cinema-768x1008.jpeg 768w\" sizes=\"auto, (max-width: 1170px) 100vw, 1170px\" \/><\/figure>\n\n\n\n<p class=\"blockart-paragraph blockart-paragraph-32c96007\">Quoi de neuf ?<\/p>\n<\/div><\/div>\n<\/div><\/div><\/div>\n\n\n\n<div class=\"blockart-buttons blockart-buttons-72262767 is-wrap is-horizontal justify-center\">\n<div class=\"blockart-button blockart-button-6630d6dd \"><a class=\"blockart-button-link is-custom is-style-filled\" href=\"https:\/\/acheahmatmoustapha.com\/index.php\/portfolio\/\">En savoir<\/a><\/div>\n<\/div>\n<\/div><\/div>\n<\/div><\/div><\/div>\n\n\n\n<p><\/p>\n","protected":false},"excerpt":{"rendered":"","protected":false},"author":1,"featured_media":0,"parent":0,"menu_order":0,"comment_status":"open","ping_status":"closed","template":"page-templates\/pagebuilder.php","meta":{"zakra_sidebar_layout":"stretched","zakra_remove_content_margin":true,"zakra_sidebar":"customizer","zakra_transparent_header":"customizer","zakra_logo":0,"zakra_main_header_style":"default","zakra_menu_item_color":"","zakra_menu_item_hover_color":"","zakra_menu_item_active_color":"","zakra_menu_active_style":"","zakra_page_header":false,"_price":"","_stock":"","_tribe_ticket_header":"","_tribe_default_ticket_provider":"","_tribe_ticket_capacity":"0","_ticket_start_date":"","_ticket_end_date":"","_tribe_ticket_show_description":"","_tribe_ticket_show_not_going":false,"_tribe_ticket_use_global_stock":"","_tribe_ticket_global_stock_level":"","_global_stock_mode":"","_global_stock_cap":"","_tribe_rsvp_for_event":"","_tribe_ticket_going_count":"","_tribe_ticket_not_going_count":"","_tribe_tickets_list":"[]","_tribe_ticket_has_attendee_info_fields":false,"footnotes":"","_tec_slr_enabled":"","_tec_slr_layout":""},"class_list":["post-376","page","type-page","status-publish","hentry"],"ticketed":false,"_links":{"self":[{"href":"https:\/\/acheahmatmoustapha.com\/index.php\/wp-json\/wp\/v2\/pages\/376","targetHints":{"allow":["GET"]}}],"collection":[{"href":"https:\/\/acheahmatmoustapha.com\/index.php\/wp-json\/wp\/v2\/pages"}],"about":[{"href":"https:\/\/acheahmatmoustapha.com\/index.php\/wp-json\/wp\/v2\/types\/page"}],"author":[{"embeddable":true,"href":"https:\/\/acheahmatmoustapha.com\/index.php\/wp-json\/wp\/v2\/users\/1"}],"replies":[{"embeddable":true,"href":"https:\/\/acheahmatmoustapha.com\/index.php\/wp-json\/wp\/v2\/comments?post=376"}],"version-history":[{"count":32,"href":"https:\/\/acheahmatmoustapha.com\/index.php\/wp-json\/wp\/v2\/pages\/376\/revisions"}],"predecessor-version":[{"id":465,"href":"https:\/\/acheahmatmoustapha.com\/index.php\/wp-json\/wp\/v2\/pages\/376\/revisions\/465"}],"wp:attachment":[{"href":"https:\/\/acheahmatmoustapha.com\/index.php\/wp-json\/wp\/v2\/media?parent=376"}],"curies":[{"name":"wp","href":"https:\/\/api.w.org\/{rel}","templated":true}]}}